{"id":1272,"date":"2024-10-08T15:08:43","date_gmt":"2024-10-08T13:08:43","guid":{"rendered":"https:\/\/grupocyclus.com\/cookie-policy\/"},"modified":"2024-12-20T03:02:04","modified_gmt":"2024-12-20T02:02:04","slug":"cookie-policy","status":"publish","type":"page","link":"https:\/\/grupocyclus.com\/en\/cookie-policy\/","title":{"rendered":"Cookie Policy"},"content":{"rendered":"\n<p><\/p>\n\n<p><\/p>\n\n<h2 class=\"wp-block-heading\">Regulations on the use of cookies<\/h2>\n\n<p>This Cookie Policy is an integral part of the CYCLUS GROUP&#8217;s Legal Notice and Privacy Policy. Accessing and browsing the site, or the use of its services, implies the acceptance of the General Conditions established in our Legal Notice (and therefore of the Privacy Policy and Cookies Policy). Please read them carefully.<\/p>\n\n<p>Thank you for choosing to visit us. We want your experience on the site to be the best possible, and for that reason we have drafted, in compliance with the second paragraph of Article 22 of Law 34\/2002, of July 11, 2002, on information society services and electronic commerce (hereinafter, LSSI), this Cookies Policy in the clearest, most transparent, complete and understandable way possible.<\/p>\n\n<p><\/p>\n\n<p><\/p>\n\n<h2 class=\"wp-block-heading\">What is a Cookie?<\/h2>\n\n<p>This website uses cookies and\/or similar technologies that store and retrieve information when you browse. In general, these technologies may serve a variety of purposes, such as, for example, recognizing you as a user, obtaining information about your browsing habits, or customizing the way in which content is displayed.<\/p>\n\n<p>Cookies are files containing small amounts of information that are downloaded to the user&#8217;s browser or device being used (smartphone, tablet or connected TV) when visiting a website. Its main purpose is to store information about your visit and recognize the user each time you access the website. It also allows us to improve the quality and usability of our website.<\/p>\n\n<p>Cookies are essential to the functioning of the Internet; they cannot harm the user&#8217;s computer\/device and, if enabled in your browser settings, help us to identify and resolve possible malfunctions of .<\/p>\n\n<p>Like most sites on the Internet, this website uses Cookies to ensure that the web page functions correctly, to store preferences, such as the language you have selected or the font size, to learn about the user&#8217;s browsing experience, to collect anonymous statistical information, such as which pages the user has visited or how long the user has stayed on the website.<\/p>\n\n<p><\/p>\n\n<h2 class=\"wp-block-heading\">Types of Cookies<\/h2>\n\n<p><\/p>\n\n<p>There are different types of cookies. They all work in the same way, but have small differences:<\/p>\n\n<p>&#8211; <strong>Session Cookies:<\/strong> are those designed to collect and store data while the user accesses a web page. They are usually used to store information that only needs to be kept for the provision of the service requested by the user on a single occasion (for example, a list of products purchased) and disappear at the end of the session.<\/p>\n\n<p>Session cookies last only for the duration of your visit and are deleted when you close your browser. Its main purpose is to identify the type of device, support website security or its basic functionality. They do not contain personal information that would allow us to identify an individual.<\/p>\n\n<p>&#8211; <strong>Persistent or Permanent Cookies: <\/strong>these are those in which the data remain stored in the terminal and can be accessed and processed for a period defined by the person responsible for the cookie, which can range from a few minutes to several years.<\/p>\n\n<p>They are stored on the hard disk of the device and our website reads them every time you make a new visit to the website; they have a specific expiration date, after which the cookie stops working. They allow us to identify your actions and preferences; analyze visits and help us understand how users reach our site and improve our services.<\/p>\n\n<p>&#8211; <strong>Technical Cookies, strictly necessary:<\/strong> (exempted from compliance with the obligations established in Article 22.2 of the LSSI when they allow to provide the service requested by the user). Are those that allow the user to navigate through a website, platform or application and the use of the different options or services that exist in it, including those that the publisher uses to enable the management and operation of the website and enable its functions and services, such as, for example, control traffic and data communication, identify the session, access parts of restricted access, remember the elements that make up an order, make the purchase process of an order, manage the payment, control fraud linked to the security of the service, make the request for registration or participation in an event, count visits for the purpose of billing licenses of the software with which the service works (website, platform or application), use security features during navigation, store content for broadcasting videos or sound, enable dynamic content (for example, animation of loading a text or image) or share content through social networks.<\/p>\n\n<p>&#8211; <strong>Preference or personalization cookies: <\/strong>these are cookies that allow information to be remembered so that the user can access the service with certain characteristics that may differentiate his or her experience from that of other users, such as, for example, the language, the number of results to be displayed when the user performs a search, the appearance or content of the service depending on the type of browser through which the user accesses the service or the region from which he or she accesses the service, etc.<\/p>\n\n<p>&#8211; <strong>Geo-location cookies: <\/strong>these are used to find out in which country or region the user is located when accessing a website service in order to offer content or services appropriate to the user&#8217;s location.<\/p>\n\n<p>&#8211; <strong>Analysis or measurement cookies: <\/strong>these cookies allow the party responsible for them to monitor and analyze the behavior of the users of the websites to which they are linked, including the quantification of the impact of advertisements. The information collected through this type of cookies is used in the measurement of the activity of the websites, application or platform, in order to make improvements based on the analysis of the usage data made by the users of the service.<\/p>\n\n<p>&#8211; <strong>Behavioral advertising cookies: <\/strong>are those that store information on user behavior obtained through the continuous observation of their browsing habits, allowing the development of a specific profile to display advertising based on the same.<\/p>\n\n<ol class=\"wp-block-list\">\n<li>Anonymous: they only collect information about the advertising spaces displayed on the website, regardless of the user accessing the website, i.e. without expressly identifying the user.<\/li>\n\n\n\n<li>Personalized: they collect personal information of the user of the website by a third party, for the personalization of such advertising spaces.<\/li>\n<\/ol>\n\n<p>&#8211; <strong>Functionality Cookies: <\/strong>allow to remember decisions made by the user, such as login or identifier.<\/p>\n\n<p>The information these cookies collect is anonymized (i.e., it does not contain your name, address, or other data).<\/p>\n\n<p>&#8211; <strong>Own Cookies:<\/strong> those that are sent to the user&#8217;s terminal equipment from a computer or domain managed by the editor itself and from which the service requested by the user is provided.<\/p>\n\n<p>&#8211;<strong> Third-party cookies: <\/strong>third-party cookies are cookies set by a website other than the one you are visiting; for example, those used by social networks (such as Facebook) or by external content plugins (such as Google Maps). In addition, some advertising companies use this type of file to track your visits to each site on which they advertise.<\/p>\n\n<p><\/p>\n\n<p><\/p>\n\n<p><\/p>\n","protected":false},"excerpt":{"rendered":"<p>Regulations on the use of cookies This Cookie Policy is an integral part of the CYCLUS GROUP&#8217;s Legal Notice and Privacy Policy. Accessing and browsing the site, or the use of its services, implies the acceptance of the General Conditions established in our Legal Notice (and therefore of the Privacy Policy and Cookies Policy). Please [&hellip;]<\/p>\n","protected":false},"author":2,"featured_media":0,"parent":0,"menu_order":0,"comment_status":"closed","ping_status":"open","template":"","meta":{"_acf_changed":false,"_et_pb_use_builder":"off","_et_pb_old_content":"","_et_gb_content_width":"","footnotes":""},"class_list":["post-1272","page","type-page","status-publish","hentry"],"acf":[],"yoast_head":"<!-- This site is optimized with the Yoast SEO plugin v27.4 - https:\/\/yoast.com\/product\/yoast-seo-wordpress\/ -->\n<title>Cookie Policy - Grupo CYCLUS<\/title>\n<meta name=\"robots\" content=\"noindex, follow\" \/>\n<meta property=\"og:locale\" content=\"en_US\" \/>\n<meta property=\"og:type\" content=\"article\" \/>\n<meta property=\"og:title\" content=\"Cookie Policy - Grupo CYCLUS\" \/>\n<meta property=\"og:description\" content=\"Regulations on the use of cookies This Cookie Policy is an integral part of the CYCLUS GROUP&#8217;s Legal Notice and Privacy Policy. Accessing and browsing the site, or the use of its services, implies the acceptance of the General Conditions established in our Legal Notice (and therefore of the Privacy Policy and Cookies Policy). Please [&hellip;]\" \/>\n<meta property=\"og:url\" content=\"https:\/\/grupocyclus.com\/en\/cookie-policy\/\" \/>\n<meta property=\"og:site_name\" content=\"Grupo CYCLUS\" \/>\n<meta property=\"article:modified_time\" content=\"2024-12-20T02:02:04+00:00\" \/>\n<meta property=\"og:image\" content=\"https:\/\/grupocyclus.com\/wp-content\/uploads\/2024\/12\/cyclus.jpg\" \/>\n\t<meta property=\"og:image:width\" content=\"716\" \/>\n\t<meta property=\"og:image:height\" content=\"404\" \/>\n\t<meta property=\"og:image:type\" content=\"image\/jpeg\" \/>\n<meta name=\"twitter:card\" content=\"summary_large_image\" \/>\n<meta name=\"twitter:label1\" content=\"Est. reading time\" \/>\n\t<meta name=\"twitter:data1\" content=\"6 minutes\" \/>\n<script type=\"application\/ld+json\" class=\"yoast-schema-graph\">{\"@context\":\"https:\\\/\\\/schema.org\",\"@graph\":[{\"@type\":\"WebPage\",\"@id\":\"https:\\\/\\\/grupocyclus.com\\\/en\\\/cookie-policy\\\/\",\"url\":\"https:\\\/\\\/grupocyclus.com\\\/en\\\/cookie-policy\\\/\",\"name\":\"Cookie Policy - Grupo CYCLUS\",\"isPartOf\":{\"@id\":\"https:\\\/\\\/grupocyclus.com\\\/en\\\/#website\"},\"datePublished\":\"2024-10-08T13:08:43+00:00\",\"dateModified\":\"2024-12-20T02:02:04+00:00\",\"breadcrumb\":{\"@id\":\"https:\\\/\\\/grupocyclus.com\\\/en\\\/cookie-policy\\\/#breadcrumb\"},\"inLanguage\":\"en-US\",\"potentialAction\":[{\"@type\":\"ReadAction\",\"target\":[\"https:\\\/\\\/grupocyclus.com\\\/en\\\/cookie-policy\\\/\"]}]},{\"@type\":\"BreadcrumbList\",\"@id\":\"https:\\\/\\\/grupocyclus.com\\\/en\\\/cookie-policy\\\/#breadcrumb\",\"itemListElement\":[{\"@type\":\"ListItem\",\"position\":1,\"name\":\"Portada\",\"item\":\"https:\\\/\\\/grupocyclus.com\\\/en\\\/home\\\/\"},{\"@type\":\"ListItem\",\"position\":2,\"name\":\"Cookie Policy\"}]},{\"@type\":\"WebSite\",\"@id\":\"https:\\\/\\\/grupocyclus.com\\\/en\\\/#website\",\"url\":\"https:\\\/\\\/grupocyclus.com\\\/en\\\/\",\"name\":\"Grupo CYCLUS\",\"description\":\"M\u00e1s de 65 a\u00f1os de historia en el sector de la construcci\u00f3n.\",\"publisher\":{\"@id\":\"https:\\\/\\\/grupocyclus.com\\\/en\\\/#organization\"},\"potentialAction\":[{\"@type\":\"SearchAction\",\"target\":{\"@type\":\"EntryPoint\",\"urlTemplate\":\"https:\\\/\\\/grupocyclus.com\\\/en\\\/?s={search_term_string}\"},\"query-input\":{\"@type\":\"PropertyValueSpecification\",\"valueRequired\":true,\"valueName\":\"search_term_string\"}}],\"inLanguage\":\"en-US\"},{\"@type\":\"Organization\",\"@id\":\"https:\\\/\\\/grupocyclus.com\\\/en\\\/#organization\",\"name\":\"Grupo Cyclus\",\"url\":\"https:\\\/\\\/grupocyclus.com\\\/en\\\/\",\"logo\":{\"@type\":\"ImageObject\",\"inLanguage\":\"en-US\",\"@id\":\"https:\\\/\\\/grupocyclus.com\\\/en\\\/#\\\/schema\\\/logo\\\/image\\\/\",\"url\":\"https:\\\/\\\/grupocyclus.com\\\/wp-content\\\/uploads\\\/2024\\\/12\\\/cyclus.jpg\",\"contentUrl\":\"https:\\\/\\\/grupocyclus.com\\\/wp-content\\\/uploads\\\/2024\\\/12\\\/cyclus.jpg\",\"width\":716,\"height\":404,\"caption\":\"Grupo Cyclus\"},\"image\":{\"@id\":\"https:\\\/\\\/grupocyclus.com\\\/en\\\/#\\\/schema\\\/logo\\\/image\\\/\"},\"sameAs\":[\"https:\\\/\\\/www.linkedin.com\\\/company\\\/cyclus-grupo\\\/posts\\\/?feedView=all\"]}]}<\/script>\n<!-- \/ Yoast SEO plugin. -->","yoast_head_json":{"title":"Cookie Policy - Grupo CYCLUS","robots":{"index":"noindex","follow":"follow"},"og_locale":"en_US","og_type":"article","og_title":"Cookie Policy - Grupo CYCLUS","og_description":"Regulations on the use of cookies This Cookie Policy is an integral part of the CYCLUS GROUP&#8217;s Legal Notice and Privacy Policy. Accessing and browsing the site, or the use of its services, implies the acceptance of the General Conditions established in our Legal Notice (and therefore of the Privacy Policy and Cookies Policy). Please [&hellip;]","og_url":"https:\/\/grupocyclus.com\/en\/cookie-policy\/","og_site_name":"Grupo CYCLUS","article_modified_time":"2024-12-20T02:02:04+00:00","og_image":[{"width":716,"height":404,"url":"https:\/\/grupocyclus.com\/wp-content\/uploads\/2024\/12\/cyclus.jpg","type":"image\/jpeg"}],"twitter_card":"summary_large_image","twitter_misc":{"Est. reading time":"6 minutes"},"schema":{"@context":"https:\/\/schema.org","@graph":[{"@type":"WebPage","@id":"https:\/\/grupocyclus.com\/en\/cookie-policy\/","url":"https:\/\/grupocyclus.com\/en\/cookie-policy\/","name":"Cookie Policy - Grupo CYCLUS","isPartOf":{"@id":"https:\/\/grupocyclus.com\/en\/#website"},"datePublished":"2024-10-08T13:08:43+00:00","dateModified":"2024-12-20T02:02:04+00:00","breadcrumb":{"@id":"https:\/\/grupocyclus.com\/en\/cookie-policy\/#breadcrumb"},"inLanguage":"en-US","potentialAction":[{"@type":"ReadAction","target":["https:\/\/grupocyclus.com\/en\/cookie-policy\/"]}]},{"@type":"BreadcrumbList","@id":"https:\/\/grupocyclus.com\/en\/cookie-policy\/#breadcrumb","itemListElement":[{"@type":"ListItem","position":1,"name":"Portada","item":"https:\/\/grupocyclus.com\/en\/home\/"},{"@type":"ListItem","position":2,"name":"Cookie Policy"}]},{"@type":"WebSite","@id":"https:\/\/grupocyclus.com\/en\/#website","url":"https:\/\/grupocyclus.com\/en\/","name":"Grupo CYCLUS","description":"M\u00e1s de 65 a\u00f1os de historia en el sector de la construcci\u00f3n.","publisher":{"@id":"https:\/\/grupocyclus.com\/en\/#organization"},"potentialAction":[{"@type":"SearchAction","target":{"@type":"EntryPoint","urlTemplate":"https:\/\/grupocyclus.com\/en\/?s={search_term_string}"},"query-input":{"@type":"PropertyValueSpecification","valueRequired":true,"valueName":"search_term_string"}}],"inLanguage":"en-US"},{"@type":"Organization","@id":"https:\/\/grupocyclus.com\/en\/#organization","name":"Grupo Cyclus","url":"https:\/\/grupocyclus.com\/en\/","logo":{"@type":"ImageObject","inLanguage":"en-US","@id":"https:\/\/grupocyclus.com\/en\/#\/schema\/logo\/image\/","url":"https:\/\/grupocyclus.com\/wp-content\/uploads\/2024\/12\/cyclus.jpg","contentUrl":"https:\/\/grupocyclus.com\/wp-content\/uploads\/2024\/12\/cyclus.jpg","width":716,"height":404,"caption":"Grupo Cyclus"},"image":{"@id":"https:\/\/grupocyclus.com\/en\/#\/schema\/logo\/image\/"},"sameAs":["https:\/\/www.linkedin.com\/company\/cyclus-grupo\/posts\/?feedView=all"]}]}},"_links":{"self":[{"href":"https:\/\/grupocyclus.com\/en\/wp-json\/wp\/v2\/pages\/1272","targetHints":{"allow":["GET"]}}],"collection":[{"href":"https:\/\/grupocyclus.com\/en\/wp-json\/wp\/v2\/pages"}],"about":[{"href":"https:\/\/grupocyclus.com\/en\/wp-json\/wp\/v2\/types\/page"}],"author":[{"embeddable":true,"href":"https:\/\/grupocyclus.com\/en\/wp-json\/wp\/v2\/users\/2"}],"replies":[{"embeddable":true,"href":"https:\/\/grupocyclus.com\/en\/wp-json\/wp\/v2\/comments?post=1272"}],"version-history":[{"count":1,"href":"https:\/\/grupocyclus.com\/en\/wp-json\/wp\/v2\/pages\/1272\/revisions"}],"predecessor-version":[{"id":1273,"href":"https:\/\/grupocyclus.com\/en\/wp-json\/wp\/v2\/pages\/1272\/revisions\/1273"}],"wp:attachment":[{"href":"https:\/\/grupocyclus.com\/en\/wp-json\/wp\/v2\/media?parent=1272"}],"curies":[{"name":"wp","href":"https:\/\/api.w.org\/{rel}","templated":true}]}}