{"id":1274,"date":"2024-10-08T12:05:11","date_gmt":"2024-10-08T10:05:11","guid":{"rendered":"https:\/\/grupocyclus.com\/legal-notice\/"},"modified":"2025-05-26T15:28:22","modified_gmt":"2025-05-26T13:28:22","slug":"legal-notice","status":"publish","type":"page","link":"https:\/\/grupocyclus.com\/en\/legal-notice\/","title":{"rendered":"Legal Notice"},"content":{"rendered":"\n<p>Thank you for choosing to visit us. We want your experience on our website to be the best it can be.<\/p>\n\n<p>The access and navigation on the website, or the use of its services, implies the express and full acceptance of each and every one of these General Conditions, including both the Special Conditions set for certain promotions, as well as the Privacy Policy and Cookies, related to the current regulations on the subject of Personal Data Protection. Please, we recommend that you read them carefully to know what kind of data is collected through our Web, for what purposes and what rights related to it concern you. <\/p>\n\n<p><\/p>\n\n<h2 class=\"wp-block-heading\">1.- Legal Information<\/h2>\n\n<p>In compliance with Law 34\/2002, of July 11, 2002, of Services of the Information Society and Electronic Commerce, the identifying data of the owner of the Web Portal are:<\/p>\n\n<figure class=\"wp-block-table\"><table class=\"has-fixed-layout\"><tbody><tr><td><strong>Identity<\/strong><\/td><td><strong>CYCLUS GROUP (Inversiones Evfran, S.L.), which includes Innovaciones T\u00e9cnicas y Recursos Constructivos, S.A. (ITERCON); Infraestructuras y Servicios Servitria, S.A. (SERVITRIA) and Alondra Servicios Inmobiliarios, S.L. (ALONDRA).<\/strong><\/td><\/tr><tr><td><strong>VAT ID<\/strong><\/td><td>B97791826<\/td><\/tr><tr><td><strong>Mailing Address<\/strong><\/td><td>C\/.Jes\u00fas, 81 entresuelo &#8211; 46007 &#8211; Valencia (VALENCIA)<\/td><\/tr><tr><td><strong>Phone<\/strong><\/td><td>963804304<\/td><\/tr><tr><td><strong>E-mail<\/strong><\/td><td>datos@grupocyclus.com<\/td><\/tr><tr><td><strong>URL:<\/strong><\/td><td>grupocyclus.com<\/td><\/tr><\/tbody><\/table><\/figure>\n\n<p>Access to the Web implies the User&#8217;s express acceptance of these General Conditions of Use, which may be modified in whole or in part or replaced by others, by its owner and at any time without notice. We recommend that you access these conditions from time to time to check for possible modifications, which will be published in the same section. <\/p>\n\n<p><\/p>\n\n<h2 class=\"wp-block-heading\">General Conditions of Use<\/h2>\n\n<p>The following General Conditions regulate the use and access to the Web portal, the purpose of which is to establish guidelines for the good use and behavior of the same. CYCLUS GROUP (Inversiones Evfran, S.L.), of which Innovaciones T\u00e9cnicas y Recursos Constructivos, S.A. (ITERCON); Infraestructuras y Servicios Servitria, S.A. (SERVITRIA) and Alondra Servicios Inmobiliarios, S.L. (ALONDRA) are part, makes available to the users information about the use, services and contents hosted on the Web. Through this information, the User can have access to information about specific products and services, tools and applications.  <\/p>\n\n<p>The data and information on products or services, prices and characteristics or other relevant data offered through the website are made, provided and updated by Suppliers and third party companies. CYCLUS GROUP is not, in any case, responsible for such data and information and does not assume any obligation regarding such data and information. <\/p>\n\n<p>The User agrees to make appropriate use of the contents, services, applications and tools that are accessible, subject to the Law and these General Conditions of Use and, where appropriate, the Special Conditions that may be established for possible access to certain services and applications, respecting at all times to other Users of the same.<\/p>\n\n<p>In case of total and\/or partial breach by the User of these General Conditions of Use, the CYCLUS GROUP reserves the right to deny access to the Website, without prior notice to the User.<\/p>\n\n<p><\/p>\n\n<h2 class=\"wp-block-heading\">General Obligations of the User<\/h2>\n\n<p><\/p>\n\n<p>The User, by accepting these General Conditions of Use, expressly agrees to:<\/p>\n\n<p>Not to offer or distribute products and services, or make unsolicited advertising or commercial communications to other Users and visitors of the CYCLUS GROUP.<br\/>The User shall be liable for all damages of any nature that GRUPO or any third party may suffer as a result of the breach of any of the obligations to which it is subject by virtue of these &#8220;General Conditions of Use&#8221; or the law in relation to the access and\/or use of the page.<\/p>\n\n<p>Not to carry out any action aimed at damaging, blocking, damaging, rendering useless, overloading, temporarily or permanently, the functionalities, tools, contents and\/or infrastructure of the website, in such a way as to prevent its normal use.<\/p>\n\n<p>Custody and maintain the confidentiality of the passwords associated with your User name, being responsible for the use of such personal and non-transferable passwords by third parties.<\/p>\n\n<p>Not to introduce or make libelous or slanderous content, both of other Users and third party companies outside CYCLUS GROUP.<\/p>\n\n<p>Not to use any of the materials and information contained in this Web Site for illicit purposes and\/or purposes expressly prohibited in these General Conditions of Use, as well as the particular conditions that, if applicable, are established for certain applications and\/or utilities and that are contrary to the rights and interests of the CYCLUS GROUP, its users and\/or third parties.<\/p>\n\n<h2 class=\"wp-block-heading\">Intellectual and Industrial Property<\/h2>\n\n<p>The website, the pages it includes and the information or elements contained therein (including texts, documents, photographs, drawings, graphic representations, of which it is the owner or which are owned by third parties who authorize the owner to use them, among others), as well as logos, trademarks, trade names or other distinctive signs, are protected by intellectual and\/or industrial property rights, of which CYCLUS GROUP is the owner or holds authorization for their use and public communication from the legitimate owners of the same.<\/p>\n\n<p>The User undertakes to use the contents diligently and correctly, in accordance with the law, morality and public order. The CYCLUS GROUP authorizes the User to view the information contained in this web site, as well as to make private reproductions (simple downloading and storage activity in their computer systems), provided that the elements are intended solely for personal use. Under no circumstances shall this imply any authorization or license over the CYCLUS GROUP&#8217;s property rights or those of the legitimate owners thereof.  <\/p>\n\n<p>The User is not authorized to proceed to the distribution, modification, transfer or public communication of the information contained in this Web in any form and whatever its purpose.<\/p>\n\n<p><\/p>\n\n<h2 class=\"wp-block-heading\">5.- Links<\/h2>\n\n<p>The connections and links to third-party Web sites or pages have been established solely as a convenience to the User. CYCLUS GROUP is in no way responsible for them or their content. <\/p>\n\n<p>CYCLUS GROUP does not assume any responsibility derived from the existence of links between the contents of this site and contents located outside the same or any other mention of external contents to this site. Such links or mentions are for information purposes only and in no case imply support, approval, marketing or any relationship between CYCLUS GROUP and the persons or entities that are the authors and\/or managers of such contents or owners of the sites where they are located. <\/p>\n\n<p>To make links to the Web page will require the express written authorization of the owners of the portal.<\/p>\n\n<p><\/p>\n\n<h2 class=\"wp-block-heading\">6.- Responsibility<\/h2>\n\n<p>CYCLUS GROUP does not guarantee continued access, nor the correct visualization, downloading or utility of the elements and information contained in the pages of the portal that may be impeded, hindered or interrupted by factors or circumstances beyond its control or beyond its control, nor those that are produced by the existence of computer viruses on the Internet.<\/p>\n\n<p>CYCLUS GROUP assumes no liability whatsoever for damages, losses, claims or expenses caused by:<\/p>\n\n<p>(i) Interferences, interruptions, failures, omissions, delays, blockages or disconnections caused by errors in the telecommunications lines and networks or by any other cause beyond the control of the CYCLUS GROUP;<\/p>\n\n<p>(ii) Illegitimate intrusions through the use of malicious programs of any kind and through any means of communication, such as computer viruses or any other;<\/p>\n\n<p>(iii) Improper or inappropriate use of the CYCLUS GROUP&#8217;s web pages;<\/p>\n\n<p>(iv) Security or navigation errors caused by a malfunction of the browser or by the use of non-updated versions.<\/p>\n\n<p>CYCLUS GROUP is not responsible, nor in any case liable to users and third parties for acts of any third party outside CYCLUS GROUP that entails or may entail the performance of acts of unfair competition and illegal advertising or infringement of intellectual and industrial property rights, business secrets, contractual commitments of any kind, rights to honor, personal and family privacy and image, property rights and any other rights belonging to a third party by reason of the transmission, dissemination, storage, availability, reception, obtaining or access to the contents.<\/p>\n\n<p><\/p>\n\n<h2 class=\"wp-block-heading\">7.- Protection of Personal Data<\/h2>\n\n<p>The entire personal data processing policy can be found in the Privacy Policy, which is an integral part of these General Terms and Conditions but which, for simplicity, we have placed in a separate document: <a href=\"https:\/\/grupocyclus.com\/en\/privacy-policy\/\">Privacy Policy<\/a>.<\/p>\n\n<p><\/p>\n\n<h2 class=\"wp-block-heading\">8.- Legislation<\/h2>\n\n<p>in accordance with Spanish Legislation. The user, by the mere fact of accessing the website or obtaining the status of registered user irrevocably grants his consent to the competent courts by default to hear any legal action arising from or related to these conditions, or to his use of this Site or the navigation performed by the same.<\/p>\n\n<p>If any clause or paragraph of these General Conditions, which is not of an essential nature for the existence of the same, is declared null and void or unenforceable, the validity of the remaining clauses shall not be affected.<\/p>\n\n<p><\/p>\n\n<p><\/p>\n\n<p><\/p>\n","protected":false},"excerpt":{"rendered":"<p>Thank you for choosing to visit us. We want your experience on our website to be the best it can be. The access and navigation on the website, or the use of its services, implies the express and full acceptance of each and every one of these General Conditions, including both the Special Conditions set [&hellip;]<\/p>\n","protected":false},"author":2,"featured_media":0,"parent":0,"menu_order":0,"comment_status":"closed","ping_status":"open","template":"","meta":{"_acf_changed":false,"_et_pb_use_builder":"off","_et_pb_old_content":"","_et_gb_content_width":"","footnotes":""},"class_list":["post-1274","page","type-page","status-publish","hentry"],"acf":[],"yoast_head":"<!-- This site is optimized with the Yoast SEO plugin v27.4 - https:\/\/yoast.com\/product\/yoast-seo-wordpress\/ -->\n<title>Legal Notice - Grupo CYCLUS<\/title>\n<meta name=\"robots\" content=\"noindex, follow\" \/>\n<meta property=\"og:locale\" content=\"en_US\" \/>\n<meta property=\"og:type\" content=\"article\" \/>\n<meta property=\"og:title\" content=\"Legal Notice - Grupo CYCLUS\" \/>\n<meta property=\"og:description\" content=\"Thank you for choosing to visit us. We want your experience on our website to be the best it can be. The access and navigation on the website, or the use of its services, implies the express and full acceptance of each and every one of these General Conditions, including both the Special Conditions set [&hellip;]\" \/>\n<meta property=\"og:url\" content=\"https:\/\/grupocyclus.com\/en\/legal-notice\/\" \/>\n<meta property=\"og:site_name\" content=\"Grupo CYCLUS\" \/>\n<meta property=\"article:modified_time\" content=\"2025-05-26T13:28:22+00:00\" \/>\n<meta property=\"og:image\" content=\"https:\/\/grupocyclus.com\/wp-content\/uploads\/2024\/12\/cyclus.jpg\" \/>\n\t<meta property=\"og:image:width\" content=\"716\" \/>\n\t<meta property=\"og:image:height\" content=\"404\" \/>\n\t<meta property=\"og:image:type\" content=\"image\/jpeg\" \/>\n<meta name=\"twitter:card\" content=\"summary_large_image\" \/>\n<meta name=\"twitter:label1\" content=\"Est. reading time\" \/>\n\t<meta name=\"twitter:data1\" content=\"7 minutes\" \/>\n<script type=\"application\/ld+json\" class=\"yoast-schema-graph\">{\"@context\":\"https:\\\/\\\/schema.org\",\"@graph\":[{\"@type\":\"WebPage\",\"@id\":\"https:\\\/\\\/grupocyclus.com\\\/en\\\/legal-notice\\\/\",\"url\":\"https:\\\/\\\/grupocyclus.com\\\/en\\\/legal-notice\\\/\",\"name\":\"Legal Notice - Grupo CYCLUS\",\"isPartOf\":{\"@id\":\"https:\\\/\\\/grupocyclus.com\\\/en\\\/#website\"},\"datePublished\":\"2024-10-08T10:05:11+00:00\",\"dateModified\":\"2025-05-26T13:28:22+00:00\",\"breadcrumb\":{\"@id\":\"https:\\\/\\\/grupocyclus.com\\\/en\\\/legal-notice\\\/#breadcrumb\"},\"inLanguage\":\"en-US\",\"potentialAction\":[{\"@type\":\"ReadAction\",\"target\":[\"https:\\\/\\\/grupocyclus.com\\\/en\\\/legal-notice\\\/\"]}]},{\"@type\":\"BreadcrumbList\",\"@id\":\"https:\\\/\\\/grupocyclus.com\\\/en\\\/legal-notice\\\/#breadcrumb\",\"itemListElement\":[{\"@type\":\"ListItem\",\"position\":1,\"name\":\"Portada\",\"item\":\"https:\\\/\\\/grupocyclus.com\\\/en\\\/home\\\/\"},{\"@type\":\"ListItem\",\"position\":2,\"name\":\"Legal Notice\"}]},{\"@type\":\"WebSite\",\"@id\":\"https:\\\/\\\/grupocyclus.com\\\/en\\\/#website\",\"url\":\"https:\\\/\\\/grupocyclus.com\\\/en\\\/\",\"name\":\"Grupo CYCLUS\",\"description\":\"M\u00e1s de 65 a\u00f1os de historia en el sector de la construcci\u00f3n.\",\"publisher\":{\"@id\":\"https:\\\/\\\/grupocyclus.com\\\/en\\\/#organization\"},\"potentialAction\":[{\"@type\":\"SearchAction\",\"target\":{\"@type\":\"EntryPoint\",\"urlTemplate\":\"https:\\\/\\\/grupocyclus.com\\\/en\\\/?s={search_term_string}\"},\"query-input\":{\"@type\":\"PropertyValueSpecification\",\"valueRequired\":true,\"valueName\":\"search_term_string\"}}],\"inLanguage\":\"en-US\"},{\"@type\":\"Organization\",\"@id\":\"https:\\\/\\\/grupocyclus.com\\\/en\\\/#organization\",\"name\":\"Grupo Cyclus\",\"url\":\"https:\\\/\\\/grupocyclus.com\\\/en\\\/\",\"logo\":{\"@type\":\"ImageObject\",\"inLanguage\":\"en-US\",\"@id\":\"https:\\\/\\\/grupocyclus.com\\\/en\\\/#\\\/schema\\\/logo\\\/image\\\/\",\"url\":\"https:\\\/\\\/grupocyclus.com\\\/wp-content\\\/uploads\\\/2024\\\/12\\\/cyclus.jpg\",\"contentUrl\":\"https:\\\/\\\/grupocyclus.com\\\/wp-content\\\/uploads\\\/2024\\\/12\\\/cyclus.jpg\",\"width\":716,\"height\":404,\"caption\":\"Grupo Cyclus\"},\"image\":{\"@id\":\"https:\\\/\\\/grupocyclus.com\\\/en\\\/#\\\/schema\\\/logo\\\/image\\\/\"},\"sameAs\":[\"https:\\\/\\\/www.linkedin.com\\\/company\\\/cyclus-grupo\\\/posts\\\/?feedView=all\"]}]}<\/script>\n<!-- \/ Yoast SEO plugin. -->","yoast_head_json":{"title":"Legal Notice - Grupo CYCLUS","robots":{"index":"noindex","follow":"follow"},"og_locale":"en_US","og_type":"article","og_title":"Legal Notice - Grupo CYCLUS","og_description":"Thank you for choosing to visit us. We want your experience on our website to be the best it can be. The access and navigation on the website, or the use of its services, implies the express and full acceptance of each and every one of these General Conditions, including both the Special Conditions set [&hellip;]","og_url":"https:\/\/grupocyclus.com\/en\/legal-notice\/","og_site_name":"Grupo CYCLUS","article_modified_time":"2025-05-26T13:28:22+00:00","og_image":[{"width":716,"height":404,"url":"https:\/\/grupocyclus.com\/wp-content\/uploads\/2024\/12\/cyclus.jpg","type":"image\/jpeg"}],"twitter_card":"summary_large_image","twitter_misc":{"Est. reading time":"7 minutes"},"schema":{"@context":"https:\/\/schema.org","@graph":[{"@type":"WebPage","@id":"https:\/\/grupocyclus.com\/en\/legal-notice\/","url":"https:\/\/grupocyclus.com\/en\/legal-notice\/","name":"Legal Notice - Grupo CYCLUS","isPartOf":{"@id":"https:\/\/grupocyclus.com\/en\/#website"},"datePublished":"2024-10-08T10:05:11+00:00","dateModified":"2025-05-26T13:28:22+00:00","breadcrumb":{"@id":"https:\/\/grupocyclus.com\/en\/legal-notice\/#breadcrumb"},"inLanguage":"en-US","potentialAction":[{"@type":"ReadAction","target":["https:\/\/grupocyclus.com\/en\/legal-notice\/"]}]},{"@type":"BreadcrumbList","@id":"https:\/\/grupocyclus.com\/en\/legal-notice\/#breadcrumb","itemListElement":[{"@type":"ListItem","position":1,"name":"Portada","item":"https:\/\/grupocyclus.com\/en\/home\/"},{"@type":"ListItem","position":2,"name":"Legal Notice"}]},{"@type":"WebSite","@id":"https:\/\/grupocyclus.com\/en\/#website","url":"https:\/\/grupocyclus.com\/en\/","name":"Grupo CYCLUS","description":"M\u00e1s de 65 a\u00f1os de historia en el sector de la construcci\u00f3n.","publisher":{"@id":"https:\/\/grupocyclus.com\/en\/#organization"},"potentialAction":[{"@type":"SearchAction","target":{"@type":"EntryPoint","urlTemplate":"https:\/\/grupocyclus.com\/en\/?s={search_term_string}"},"query-input":{"@type":"PropertyValueSpecification","valueRequired":true,"valueName":"search_term_string"}}],"inLanguage":"en-US"},{"@type":"Organization","@id":"https:\/\/grupocyclus.com\/en\/#organization","name":"Grupo Cyclus","url":"https:\/\/grupocyclus.com\/en\/","logo":{"@type":"ImageObject","inLanguage":"en-US","@id":"https:\/\/grupocyclus.com\/en\/#\/schema\/logo\/image\/","url":"https:\/\/grupocyclus.com\/wp-content\/uploads\/2024\/12\/cyclus.jpg","contentUrl":"https:\/\/grupocyclus.com\/wp-content\/uploads\/2024\/12\/cyclus.jpg","width":716,"height":404,"caption":"Grupo Cyclus"},"image":{"@id":"https:\/\/grupocyclus.com\/en\/#\/schema\/logo\/image\/"},"sameAs":["https:\/\/www.linkedin.com\/company\/cyclus-grupo\/posts\/?feedView=all"]}]}},"_links":{"self":[{"href":"https:\/\/grupocyclus.com\/en\/wp-json\/wp\/v2\/pages\/1274","targetHints":{"allow":["GET"]}}],"collection":[{"href":"https:\/\/grupocyclus.com\/en\/wp-json\/wp\/v2\/pages"}],"about":[{"href":"https:\/\/grupocyclus.com\/en\/wp-json\/wp\/v2\/types\/page"}],"author":[{"embeddable":true,"href":"https:\/\/grupocyclus.com\/en\/wp-json\/wp\/v2\/users\/2"}],"replies":[{"embeddable":true,"href":"https:\/\/grupocyclus.com\/en\/wp-json\/wp\/v2\/comments?post=1274"}],"version-history":[{"count":2,"href":"https:\/\/grupocyclus.com\/en\/wp-json\/wp\/v2\/pages\/1274\/revisions"}],"predecessor-version":[{"id":1683,"href":"https:\/\/grupocyclus.com\/en\/wp-json\/wp\/v2\/pages\/1274\/revisions\/1683"}],"wp:attachment":[{"href":"https:\/\/grupocyclus.com\/en\/wp-json\/wp\/v2\/media?parent=1274"}],"curies":[{"name":"wp","href":"https:\/\/api.w.org\/{rel}","templated":true}]}}